{"id":18,"date":"2014-09-22T08:48:50","date_gmt":"2014-09-22T08:48:50","guid":{"rendered":"http:\/\/themes.muffingroup.com\/be\/business\/?page_id=18"},"modified":"2023-06-19T22:43:50","modified_gmt":"2023-06-19T22:43:50","slug":"contact","status":"publish","type":"page","link":"https:\/\/bcc-legal.com\/us\/contact\/","title":{"rendered":"Contact"},"content":{"rendered":"","protected":false},"excerpt":{"rendered":"","protected":false},"author":1,"featured_media":0,"parent":0,"menu_order":0,"comment_status":"open","ping_status":"open","template":"","meta":{"footnotes":""},"yoast_head":"<!-- This site is optimized with the Yoast SEO plugin v23.0 - https:\/\/yoast.com\/wordpress\/plugins\/seo\/ -->\n<title>Contact - BUFETE CU\u00c9TARA CANALE<\/title>\n<meta name=\"robots\" content=\"index, follow, max-snippet:-1, max-image-preview:large, max-video-preview:-1\" \/>\n<link rel=\"canonical\" href=\"https:\/\/bcc-legal.com\/us\/contact\/\" \/>\n<meta property=\"og:locale\" content=\"en_US\" \/>\n<meta property=\"og:type\" content=\"article\" \/>\n<meta property=\"og:title\" content=\"Contact - BUFETE CU\u00c9TARA CANALE\" \/>\n<meta property=\"og:url\" content=\"https:\/\/bcc-legal.com\/us\/contact\/\" \/>\n<meta property=\"og:site_name\" content=\"BUFETE CU\u00c9TARA CANALE\" \/>\n<meta property=\"article:modified_time\" content=\"2023-06-19T22:43:50+00:00\" \/>\n<meta name=\"twitter:card\" content=\"summary_large_image\" \/>\n<script type=\"application\/ld+json\" class=\"yoast-schema-graph\">{\"@context\":\"https:\/\/schema.org\",\"@graph\":[{\"@type\":\"WebPage\",\"@id\":\"https:\/\/bcc-legal.com\/us\/contact\/\",\"url\":\"https:\/\/bcc-legal.com\/us\/contact\/\",\"name\":\"Contact - BUFETE CU\u00c9TARA CANALE\",\"isPartOf\":{\"@id\":\"https:\/\/bcc-legal.com\/us\/#website\"},\"datePublished\":\"2014-09-22T08:48:50+00:00\",\"dateModified\":\"2023-06-19T22:43:50+00:00\",\"breadcrumb\":{\"@id\":\"https:\/\/bcc-legal.com\/us\/contact\/#breadcrumb\"},\"inLanguage\":\"en-US\",\"potentialAction\":[{\"@type\":\"ReadAction\",\"target\":[\"https:\/\/bcc-legal.com\/us\/contact\/\"]}]},{\"@type\":\"BreadcrumbList\",\"@id\":\"https:\/\/bcc-legal.com\/us\/contact\/#breadcrumb\",\"itemListElement\":[{\"@type\":\"ListItem\",\"position\":1,\"name\":\"Home\",\"item\":\"https:\/\/bcc-legal.com\/us\/\"},{\"@type\":\"ListItem\",\"position\":2,\"name\":\"Contact\"}]},{\"@type\":\"WebSite\",\"@id\":\"https:\/\/bcc-legal.com\/us\/#website\",\"url\":\"https:\/\/bcc-legal.com\/us\/\",\"name\":\"BUFETE CU\u00c9TARA CANALE\",\"description\":\"Asesor\u00eda legal en Ciudad de M\u00e9xico\",\"publisher\":{\"@id\":\"https:\/\/bcc-legal.com\/us\/#organization\"},\"potentialAction\":[{\"@type\":\"SearchAction\",\"target\":{\"@type\":\"EntryPoint\",\"urlTemplate\":\"https:\/\/bcc-legal.com\/us\/?s={search_term_string}\"},\"query-input\":\"required name=search_term_string\"}],\"inLanguage\":\"en-US\"},{\"@type\":\"Organization\",\"@id\":\"https:\/\/bcc-legal.com\/us\/#organization\",\"name\":\"BUFETE CU\u00c9TARA CANALE\",\"url\":\"https:\/\/bcc-legal.com\/us\/\",\"logo\":{\"@type\":\"ImageObject\",\"inLanguage\":\"en-US\",\"@id\":\"https:\/\/bcc-legal.com\/us\/#\/schema\/logo\/image\/\",\"url\":\"https:\/\/bcc-legal.com\/us\/wp-content\/uploads\/2019\/05\/logo-BCC.png\",\"contentUrl\":\"https:\/\/bcc-legal.com\/us\/wp-content\/uploads\/2019\/05\/logo-BCC.png\",\"width\":1008,\"height\":100,\"caption\":\"BUFETE CU\u00c9TARA CANALE\"},\"image\":{\"@id\":\"https:\/\/bcc-legal.com\/us\/#\/schema\/logo\/image\/\"}}]}<\/script>\n<!-- \/ Yoast SEO plugin. -->","yoast_head_json":{"title":"Contact - BUFETE CU\u00c9TARA CANALE","robots":{"index":"index","follow":"follow","max-snippet":"max-snippet:-1","max-image-preview":"max-image-preview:large","max-video-preview":"max-video-preview:-1"},"canonical":"https:\/\/bcc-legal.com\/us\/contact\/","og_locale":"en_US","og_type":"article","og_title":"Contact - BUFETE CU\u00c9TARA CANALE","og_url":"https:\/\/bcc-legal.com\/us\/contact\/","og_site_name":"BUFETE CU\u00c9TARA CANALE","article_modified_time":"2023-06-19T22:43:50+00:00","twitter_card":"summary_large_image","schema":{"@context":"https:\/\/schema.org","@graph":[{"@type":"WebPage","@id":"https:\/\/bcc-legal.com\/us\/contact\/","url":"https:\/\/bcc-legal.com\/us\/contact\/","name":"Contact - BUFETE CU\u00c9TARA CANALE","isPartOf":{"@id":"https:\/\/bcc-legal.com\/us\/#website"},"datePublished":"2014-09-22T08:48:50+00:00","dateModified":"2023-06-19T22:43:50+00:00","breadcrumb":{"@id":"https:\/\/bcc-legal.com\/us\/contact\/#breadcrumb"},"inLanguage":"en-US","potentialAction":[{"@type":"ReadAction","target":["https:\/\/bcc-legal.com\/us\/contact\/"]}]},{"@type":"BreadcrumbList","@id":"https:\/\/bcc-legal.com\/us\/contact\/#breadcrumb","itemListElement":[{"@type":"ListItem","position":1,"name":"Home","item":"https:\/\/bcc-legal.com\/us\/"},{"@type":"ListItem","position":2,"name":"Contact"}]},{"@type":"WebSite","@id":"https:\/\/bcc-legal.com\/us\/#website","url":"https:\/\/bcc-legal.com\/us\/","name":"BUFETE CU\u00c9TARA CANALE","description":"Asesor\u00eda legal en Ciudad de M\u00e9xico","publisher":{"@id":"https:\/\/bcc-legal.com\/us\/#organization"},"potentialAction":[{"@type":"SearchAction","target":{"@type":"EntryPoint","urlTemplate":"https:\/\/bcc-legal.com\/us\/?s={search_term_string}"},"query-input":"required name=search_term_string"}],"inLanguage":"en-US"},{"@type":"Organization","@id":"https:\/\/bcc-legal.com\/us\/#organization","name":"BUFETE CU\u00c9TARA CANALE","url":"https:\/\/bcc-legal.com\/us\/","logo":{"@type":"ImageObject","inLanguage":"en-US","@id":"https:\/\/bcc-legal.com\/us\/#\/schema\/logo\/image\/","url":"https:\/\/bcc-legal.com\/us\/wp-content\/uploads\/2019\/05\/logo-BCC.png","contentUrl":"https:\/\/bcc-legal.com\/us\/wp-content\/uploads\/2019\/05\/logo-BCC.png","width":1008,"height":100,"caption":"BUFETE CU\u00c9TARA CANALE"},"image":{"@id":"https:\/\/bcc-legal.com\/us\/#\/schema\/logo\/image\/"}}]}},"_links":{"self":[{"href":"https:\/\/bcc-legal.com\/us\/wp-json\/wp\/v2\/pages\/18"}],"collection":[{"href":"https:\/\/bcc-legal.com\/us\/wp-json\/wp\/v2\/pages"}],"about":[{"href":"https:\/\/bcc-legal.com\/us\/wp-json\/wp\/v2\/types\/page"}],"author":[{"embeddable":true,"href":"https:\/\/bcc-legal.com\/us\/wp-json\/wp\/v2\/users\/1"}],"replies":[{"embeddable":true,"href":"https:\/\/bcc-legal.com\/us\/wp-json\/wp\/v2\/comments?post=18"}],"version-history":[{"count":2,"href":"https:\/\/bcc-legal.com\/us\/wp-json\/wp\/v2\/pages\/18\/revisions"}],"predecessor-version":[{"id":180,"href":"https:\/\/bcc-legal.com\/us\/wp-json\/wp\/v2\/pages\/18\/revisions\/180"}],"wp:attachment":[{"href":"https:\/\/bcc-legal.com\/us\/wp-json\/wp\/v2\/media?parent=18"}],"curies":[{"name":"wp","href":"https:\/\/api.w.org\/{rel}","templated":true}]}}